{"id":1600,"date":"2021-05-06T09:28:38","date_gmt":"2021-05-06T09:28:38","guid":{"rendered":"https:\/\/nomasmultas.org\/dvuelta\/?page_id=1600"},"modified":"2022-04-19T08:44:22","modified_gmt":"2022-04-19T08:44:22","slug":"aviso-legal","status":"publish","type":"page","link":"https:\/\/nomasmultas.org\/dvuelta\/aviso-legal\/","title":{"rendered":"Aviso legal"},"content":{"rendered":"\t\t<div data-elementor-type=\"wp-page\" data-elementor-id=\"1600\" class=\"elementor elementor-1600\">\n\t\t\t\t\t\t\t\t\t<section class=\"elementor-section elementor-top-section elementor-element elementor-element-d354867 elementor-section-boxed elementor-section-height-default elementor-section-height-default\" data-id=\"d354867\" data-element_type=\"section\">\n\t\t\t\t\t\t<div class=\"elementor-container elementor-column-gap-default\">\n\t\t\t\t\t<div class=\"elementor-column elementor-col-100 elementor-top-column elementor-element elementor-element-331a29f8\" data-id=\"331a29f8\" data-element_type=\"column\">\n\t\t\t<div class=\"elementor-widget-wrap elementor-element-populated\">\n\t\t\t\t\t\t\t\t<div class=\"elementor-element elementor-element-d8d97f0 elementor-widget elementor-widget-spacer\" data-id=\"d8d97f0\" data-element_type=\"widget\" data-widget_type=\"spacer.default\">\n\t\t\t\t<div class=\"elementor-widget-container\">\n\t\t\t\t\t<div class=\"elementor-spacer\">\n\t\t\t<div class=\"elementor-spacer-inner\"><\/div>\n\t\t<\/div>\n\t\t\t\t<\/div>\n\t\t\t\t<\/div>\n\t\t\t\t\t<\/div>\n\t\t<\/div>\n\t\t\t\t\t\t\t<\/div>\n\t\t<\/section>\n\t\t\t\t<section class=\"elementor-section elementor-top-section elementor-element elementor-element-67333766 elementor-section-boxed elementor-section-height-default elementor-section-height-default\" data-id=\"67333766\" data-element_type=\"section\">\n\t\t\t\t\t\t<div class=\"elementor-container elementor-column-gap-default\">\n\t\t\t\t\t<div class=\"elementor-column elementor-col-100 elementor-top-column elementor-element elementor-element-31b27eac\" data-id=\"31b27eac\" data-element_type=\"column\">\n\t\t\t<div class=\"elementor-widget-wrap elementor-element-populated\">\n\t\t\t\t\t\t\t\t<div class=\"elementor-element elementor-element-1f58d9de elementor-widget elementor-widget-heading\" data-id=\"1f58d9de\" data-element_type=\"widget\" data-widget_type=\"heading.default\">\n\t\t\t\t<div class=\"elementor-widget-container\">\n\t\t\t<h2 class=\"elementor-heading-title elementor-size-default\">AVISO LEGAL<\/h2>\t\t<\/div>\n\t\t\t\t<\/div>\n\t\t\t\t<div class=\"elementor-element elementor-element-3bd1b24d elementor-widget elementor-widget-text-editor\" data-id=\"3bd1b24d\" data-element_type=\"widget\" data-widget_type=\"text-editor.default\">\n\t\t\t\t<div class=\"elementor-widget-container\">\n\t\t\t\t\t\t\t<div id=\"post-9610\" class=\"post-9610 page type-page status-publish has-post-thumbnail hentry\"><section class=\"page-content nz-clearfix\"><div class=\"nz-section horizontal autoheight-false animate-false full-width-false \" data-animation-speed=\"35000\" data-parallax=\"false\"><div class=\"container\"><div class=\"nz-row\"><div class=\"col vc_col-sm-12 col12 element-animate-false valign-top\" data-effect=\"none\" data-align=\"left\"><div class=\"col-inner\"><div class=\"nz-column-text nz-clearfix element-animate-false\" data-effect=\"none\" data-effect-speed=\"50\"><div id=\"post-9314\" class=\"post-9314 page type-page status-publish has-post-thumbnail hentry\"><section class=\"page-content nz-clearfix\"><div class=\"nz-section horizontal autoheight-false animate-false full-width-false \" data-animation-speed=\"35000\" data-parallax=\"false\"><div class=\"container\"><div class=\"nz-row\"><div class=\"col vc_col-sm-12 col12 element-animate-false valign-top\" data-effect=\"none\" data-align=\"left\"><div class=\"col-inner\"><div class=\"nz-column-text nz-clearfix element-animate-false\" data-effect=\"none\" data-effect-speed=\"50\"><section id=\"g-introduccion\" class=\"Maximo\"><div class=\"g-grid\"><div class=\"g-block size-100 marginpie\"><div class=\"g-content\"><div class=\"moduletable \"><div id=\"module-custom-91-particle\" class=\"g-particle\"><p><strong>1.- Informaci\u00f3n Legal\u00a0<\/strong><br \/>stopmultas.org (en adelante, el SITIO WEB) es un dominio registrado por DVUELTA-MORETA Y CABEZAS S.L. (stopsmultas.org), en adelante, LA EMPRESA, entidad inscrita en el Registro Mercantil.<br \/>Paseo de Zorrilla, 167 1\u00baB.<br \/>47008 Valladolid<br \/>Tel.:<strong>983 359 777<\/strong>&#8211; Fax :983 332 831<\/p><p><strong>2.- Car\u00e1cter de los servicios\u00a0<\/strong><br \/>El acceso al SITIO WEB es, en principio, de car\u00e1cter gratuito, sin perjuicio de que la contrataci\u00f3n de los productos o servicios a trav\u00e9s del SITIO WEB est\u00e9 sujeta a una contraprestaci\u00f3n econ\u00f3mica.<\/p><p><strong>3.- Responsabilidad del USUARIO\u00a0<\/strong><br \/>El USUARIO se compromete a no utilizar el SITIO WEB ni la informaci\u00f3n ofrecida en el mismo para la realizaci\u00f3n de actividades contrarias a la Ley, la moral o el orden p\u00fablico y, en general, a hacer un uso conforme a las condiciones establecidas por LA EMPRESA. Las opiniones, contenidos y, en general, todas las actividades realizadas por el USUARIO, son de su exclusiva responsabilidad, sin que pueda responsabilizarse a LA EMPRESA de los da\u00f1os o perjuicios que pudieran derivarse de dichas actividades ajenas a su voluntad y sin que \u00e9sta tenga un conocimiento efectivo de las mismas.<\/p><p><strong>4.- Responsabilidad de LA EMPRESA\u00a0<\/strong><br \/>LA EMPRESA no ser\u00e1 responsable de los errores en el acceso al SITIO WEB o en sus contenidos, aunque pondr\u00e1 la mayor diligencia en que los mismos no se produzcan. LA EMPRESA se reserva el derecho de suspender temporalmente, y sin necesidad de previo aviso, la accesibilidad del SITIO WEB con motivo de una eventual necesidad de efectuar operaciones de mantenimiento, reparaci\u00f3n, actualizaci\u00f3n o mejora del mismo.<\/p><p><strong>5.- Propiedad Intelectual e Industrial\u00a0<\/strong><br \/>Todos los contenidos del SITIO WEB (incluyendo, sin car\u00e1cter limitativo, bases de datos, im\u00e1genes, dibujos, gr\u00e1ficos, archivos de texto, audio, v\u00eddeo y software) son propiedad de LA EMPRESA y est\u00e1n protegidos por las normas nacionales e internacionales de propiedad intelectual e industrial, quedando todos los derechos reservados. El nombre de dominio, las marcas, r\u00f3tulos, signos distintivos o logos que aparecen en el SITIO WEB son titularidad de LA EMPRESA.<\/p><p>Todos los textos, dibujos gr\u00e1ficos, v\u00eddeos o soportes de audio que pudieran encontrarse en este momento o en un futuro en este sitio de Internet, son propiedad de LA EMPRESA y no podr\u00e1n ser objeto de ulterior modificaci\u00f3n, copia, alteraci\u00f3n, reproducci\u00f3n total o parcial, adaptaci\u00f3n o traducci\u00f3n por parte del USUARIO o de terceros sin la expresa autorizaci\u00f3n por parte de LA EMPRESA.<\/p><p>El uso no autorizado de la informaci\u00f3n contenida en este SITIO WEB, as\u00ed como la lesi\u00f3n de los derechos de propiedad intelectual o industrial dar\u00e1 lugar a las responsabilidades legalmente establecidas.<\/p><p><strong>6.- Hiperenlaces\u00a0<\/strong><br \/>El establecimiento de cualquier hiperenlace desde una pagina web ajena, a cualquiera de las p\u00e1ginas del SITIO WEB de LA EMPRESA estar\u00e1 sometido a las siguientes condiciones:<br \/>&#8211; No se permite la reproducci\u00f3n ni total ni parcial de ninguno de los servicios contenidos en el SITIO WEB de LA EMPRESA.<br \/>&#8211; No se incluir\u00e1 ninguna manifestaci\u00f3n falsa, inexacta o incorrecta sobre las p\u00e1ginas del SITIO WEB de LA EMPRESA y sus servicios.<br \/>&#8211; Bajo ninguna circunstancia, LA EMPRESA ser\u00e1 responsable de los contenidos, informaciones, manifestaciones, opiniones o servicios puestos a disposici\u00f3n del p\u00fablico en la p\u00e1gina web desde la que se establezca un hiperenlace al presente SITIO WEB.<br \/>&#8211; Cualquier hiperenlace se efectuar\u00e1 a la p\u00e1gina principal del SITIO WEB.<br \/>&#8211; Los hiperenlaces que se encuentran en el SITIO WEB han sido previamente consensuados con los titulares de las p\u00e1ginas webs enlazadas.<\/p><p>LA EMPRESA no ser\u00e1 responsable del mal uso ni de las actividades contrarias a la ley, la moral o el orden p\u00fablico que realicen los usuarios en dichas p\u00e1ginas enlazadas.<\/p><p><strong>7.- Vigencia de las condiciones de uso\u00a0<\/strong><br \/>Las condiciones de uso de este SITIO WEB tienen car\u00e1cter indefinido. LA EMPRESA se reserva en todo caso el derecho unilateral de modificar las condiciones de acceso a las mismas, as\u00ed como su contenido.<\/p><p><strong>8.- Nulidad e ineficacia de las cl\u00e1usulas<\/strong><br \/>Si cualquier cl\u00e1usula incluida en estas condiciones fuese declarada total o parcialmente nula o ineficaz, tal nulidad afectar\u00e1 tan s\u00f3lo a dicha disposici\u00f3n o la parte de la misma que resulte nula o ineficaz, subsistiendo en todo lo dem\u00e1s las condiciones.<\/p><p><strong>9.- Legislaci\u00f3n y jurisdicci\u00f3n aplicables\u00a0<\/strong><br \/>La prestaci\u00f3n del servicio de este SITIO WEB y las presentes condiciones de uso se rigen por la ley espa\u00f1ola. Toda cuesti\u00f3n litigiosa que incumba a los servicios prestados a trav\u00e9s de este SITIO WEB, ser\u00e1 resuelta a trav\u00e9s de los tribunales arbitrales de consumo, mediadores o semejantes a los que se encuentre adherida LA EMPRESA en el momento de producirse la controversia, as\u00ed como los juzgados y tribunales correspondientes de conformidad con la legislaci\u00f3n espa\u00f1ola.<\/p><\/div><\/div><\/div><\/div><\/div><\/section><footer id=\"g-footer\"><div class=\"g-grid\"><div class=\"g-block size-100 Mapa\">\u00a0<\/div><\/div><\/footer><\/div><\/div><\/div><\/div><\/div><\/div><\/section><\/div><\/div><\/div><\/div><\/div><\/div><\/div><\/section><\/div>\t\t\t\t\t\t<\/div>\n\t\t\t\t<\/div>\n\t\t\t\t\t<\/div>\n\t\t<\/div>\n\t\t\t\t\t\t\t<\/div>\n\t\t<\/section>\n\t\t\t\t\t\t\t<\/div>\n\t\t","protected":false},"excerpt":{"rendered":"<p>AVISO LEGAL 1.- Informaci\u00f3n Legal\u00a0stopmultas.org (en adelante, el SITIO WEB) es un dominio registrado por DVUELTA-MORETA Y CABEZAS S.L. (stopsmultas.org), en adelante, LA EMPRESA, entidad inscrita en el Registro Mercantil.Paseo de Zorrilla, 167 1\u00baB.47008 ValladolidTel.:983 359 777&#8211; Fax :983 332 831 2.- Car\u00e1cter de los servicios\u00a0El acceso al SITIO WEB es, en principio, de car\u00e1cter&#8230;<\/p>\n","protected":false},"author":1,"featured_media":0,"parent":0,"menu_order":0,"comment_status":"closed","ping_status":"closed","template":"","meta":{"_kad_post_transparent":"","_kad_post_title":"hide","_kad_post_layout":"fullwidth","_kad_post_sidebar_id":"","_kad_post_content_style":"unboxed","_kad_post_vertical_padding":"hide","_kad_post_feature":"hide","_kad_post_feature_position":"","_kad_post_header":false,"_kad_post_footer":false,"footnotes":""},"class_list":["post-1600","page","type-page","status-publish","hentry"],"yoast_head":"<!-- This site is optimized with the Yoast SEO plugin v18.6 - https:\/\/yoast.com\/wordpress\/plugins\/seo\/ -->\n<title>Aviso legal - NO + MULTAS<\/title>\n<meta name=\"robots\" content=\"index, follow, max-snippet:-1, max-image-preview:large, max-video-preview:-1\" \/>\n<link rel=\"canonical\" href=\"https:\/\/nomasmultas.org\/dvuelta\/aviso-legal\/\" \/>\n<meta property=\"og:locale\" content=\"es_ES\" \/>\n<meta property=\"og:type\" content=\"article\" \/>\n<meta property=\"og:title\" content=\"Aviso legal - NO + MULTAS\" \/>\n<meta property=\"og:description\" content=\"AVISO LEGAL 1.- Informaci\u00f3n Legal\u00a0stopmultas.org (en adelante, el SITIO WEB) es un dominio registrado por DVUELTA-MORETA Y CABEZAS S.L. (stopsmultas.org), en adelante, LA EMPRESA, entidad inscrita en el Registro Mercantil.Paseo de Zorrilla, 167 1\u00baB.47008 ValladolidTel.:983 359 777&#8211; Fax :983 332 831 2.- Car\u00e1cter de los servicios\u00a0El acceso al SITIO WEB es, en principio, de car\u00e1cter...\" \/>\n<meta property=\"og:url\" content=\"https:\/\/nomasmultas.org\/dvuelta\/aviso-legal\/\" \/>\n<meta property=\"og:site_name\" content=\"NO + MULTAS\" \/>\n<meta property=\"article:publisher\" content=\"https:\/\/www.facebook.com\/dvueltastopmultas\/\" \/>\n<meta property=\"article:modified_time\" content=\"2022-04-19T08:44:22+00:00\" \/>\n<meta name=\"twitter:card\" content=\"summary_large_image\" \/>\n<meta name=\"twitter:label1\" content=\"Tiempo de lectura\" \/>\n\t<meta name=\"twitter:data1\" content=\"4 minutos\" \/>\n<script type=\"application\/ld+json\" class=\"yoast-schema-graph\">{\"@context\":\"https:\/\/schema.org\",\"@graph\":[{\"@type\":\"Organization\",\"@id\":\"https:\/\/nomasmultas.org\/dvuelta\/#organization\",\"name\":\"Stop Multas - Dvuelta\",\"url\":\"https:\/\/nomasmultas.org\/dvuelta\/\",\"sameAs\":[\"https:\/\/www.facebook.com\/dvueltastopmultas\/\"],\"logo\":{\"@type\":\"ImageObject\",\"@id\":\"https:\/\/nomasmultas.org\/dvuelta\/#logo\",\"inLanguage\":\"es\",\"url\":\"https:\/\/nomasmultas.org\/dvuelta\/wp-content\/uploads\/2021\/04\/logo-horizontal-trasnparente-stop-multas250px.png\",\"contentUrl\":\"https:\/\/nomasmultas.org\/dvuelta\/wp-content\/uploads\/2021\/04\/logo-horizontal-trasnparente-stop-multas250px.png\",\"width\":250,\"height\":68,\"caption\":\"Stop Multas - Dvuelta\"},\"image\":{\"@id\":\"https:\/\/nomasmultas.org\/dvuelta\/#logo\"}},{\"@type\":\"WebSite\",\"@id\":\"https:\/\/nomasmultas.org\/dvuelta\/#website\",\"url\":\"https:\/\/nomasmultas.org\/dvuelta\/\",\"name\":\"STOP MULTAS\",\"description\":\"OLVIDA TUS MULTAS DE TR\u00c1FICO PARA SIEMPRE\",\"publisher\":{\"@id\":\"https:\/\/nomasmultas.org\/dvuelta\/#organization\"},\"potentialAction\":[{\"@type\":\"SearchAction\",\"target\":{\"@type\":\"EntryPoint\",\"urlTemplate\":\"https:\/\/nomasmultas.org\/dvuelta\/?s={search_term_string}\"},\"query-input\":\"required name=search_term_string\"}],\"inLanguage\":\"es\"},{\"@type\":\"WebPage\",\"@id\":\"https:\/\/nomasmultas.org\/dvuelta\/aviso-legal\/#webpage\",\"url\":\"https:\/\/nomasmultas.org\/dvuelta\/aviso-legal\/\",\"name\":\"Aviso legal - NO + MULTAS\",\"isPartOf\":{\"@id\":\"https:\/\/nomasmultas.org\/dvuelta\/#website\"},\"datePublished\":\"2021-05-06T09:28:38+00:00\",\"dateModified\":\"2022-04-19T08:44:22+00:00\",\"breadcrumb\":{\"@id\":\"https:\/\/nomasmultas.org\/dvuelta\/aviso-legal\/#breadcrumb\"},\"inLanguage\":\"es\",\"potentialAction\":[{\"@type\":\"ReadAction\",\"target\":[\"https:\/\/nomasmultas.org\/dvuelta\/aviso-legal\/\"]}]},{\"@type\":\"BreadcrumbList\",\"@id\":\"https:\/\/nomasmultas.org\/dvuelta\/aviso-legal\/#breadcrumb\",\"itemListElement\":[{\"@type\":\"ListItem\",\"position\":1,\"name\":\"Portada\",\"item\":\"https:\/\/nomasmultas.org\/dvuelta\/\"},{\"@type\":\"ListItem\",\"position\":2,\"name\":\"Aviso legal\"}]}]}<\/script>\n<!-- \/ Yoast SEO plugin. -->","yoast_head_json":{"title":"Aviso legal - NO + MULTAS","robots":{"index":"index","follow":"follow","max-snippet":"max-snippet:-1","max-image-preview":"max-image-preview:large","max-video-preview":"max-video-preview:-1"},"canonical":"https:\/\/nomasmultas.org\/dvuelta\/aviso-legal\/","og_locale":"es_ES","og_type":"article","og_title":"Aviso legal - NO + MULTAS","og_description":"AVISO LEGAL 1.- Informaci\u00f3n Legal\u00a0stopmultas.org (en adelante, el SITIO WEB) es un dominio registrado por DVUELTA-MORETA Y CABEZAS S.L. (stopsmultas.org), en adelante, LA EMPRESA, entidad inscrita en el Registro Mercantil.Paseo de Zorrilla, 167 1\u00baB.47008 ValladolidTel.:983 359 777&#8211; Fax :983 332 831 2.- Car\u00e1cter de los servicios\u00a0El acceso al SITIO WEB es, en principio, de car\u00e1cter...","og_url":"https:\/\/nomasmultas.org\/dvuelta\/aviso-legal\/","og_site_name":"NO + MULTAS","article_publisher":"https:\/\/www.facebook.com\/dvueltastopmultas\/","article_modified_time":"2022-04-19T08:44:22+00:00","twitter_card":"summary_large_image","twitter_misc":{"Tiempo de lectura":"4 minutos"},"schema":{"@context":"https:\/\/schema.org","@graph":[{"@type":"Organization","@id":"https:\/\/nomasmultas.org\/dvuelta\/#organization","name":"Stop Multas - Dvuelta","url":"https:\/\/nomasmultas.org\/dvuelta\/","sameAs":["https:\/\/www.facebook.com\/dvueltastopmultas\/"],"logo":{"@type":"ImageObject","@id":"https:\/\/nomasmultas.org\/dvuelta\/#logo","inLanguage":"es","url":"https:\/\/nomasmultas.org\/dvuelta\/wp-content\/uploads\/2021\/04\/logo-horizontal-trasnparente-stop-multas250px.png","contentUrl":"https:\/\/nomasmultas.org\/dvuelta\/wp-content\/uploads\/2021\/04\/logo-horizontal-trasnparente-stop-multas250px.png","width":250,"height":68,"caption":"Stop Multas - Dvuelta"},"image":{"@id":"https:\/\/nomasmultas.org\/dvuelta\/#logo"}},{"@type":"WebSite","@id":"https:\/\/nomasmultas.org\/dvuelta\/#website","url":"https:\/\/nomasmultas.org\/dvuelta\/","name":"STOP MULTAS","description":"OLVIDA TUS MULTAS DE TR\u00c1FICO PARA SIEMPRE","publisher":{"@id":"https:\/\/nomasmultas.org\/dvuelta\/#organization"},"potentialAction":[{"@type":"SearchAction","target":{"@type":"EntryPoint","urlTemplate":"https:\/\/nomasmultas.org\/dvuelta\/?s={search_term_string}"},"query-input":"required name=search_term_string"}],"inLanguage":"es"},{"@type":"WebPage","@id":"https:\/\/nomasmultas.org\/dvuelta\/aviso-legal\/#webpage","url":"https:\/\/nomasmultas.org\/dvuelta\/aviso-legal\/","name":"Aviso legal - NO + MULTAS","isPartOf":{"@id":"https:\/\/nomasmultas.org\/dvuelta\/#website"},"datePublished":"2021-05-06T09:28:38+00:00","dateModified":"2022-04-19T08:44:22+00:00","breadcrumb":{"@id":"https:\/\/nomasmultas.org\/dvuelta\/aviso-legal\/#breadcrumb"},"inLanguage":"es","potentialAction":[{"@type":"ReadAction","target":["https:\/\/nomasmultas.org\/dvuelta\/aviso-legal\/"]}]},{"@type":"BreadcrumbList","@id":"https:\/\/nomasmultas.org\/dvuelta\/aviso-legal\/#breadcrumb","itemListElement":[{"@type":"ListItem","position":1,"name":"Portada","item":"https:\/\/nomasmultas.org\/dvuelta\/"},{"@type":"ListItem","position":2,"name":"Aviso legal"}]}]}},"_links":{"self":[{"href":"https:\/\/nomasmultas.org\/dvuelta\/wp-json\/wp\/v2\/pages\/1600","targetHints":{"allow":["GET"]}}],"collection":[{"href":"https:\/\/nomasmultas.org\/dvuelta\/wp-json\/wp\/v2\/pages"}],"about":[{"href":"https:\/\/nomasmultas.org\/dvuelta\/wp-json\/wp\/v2\/types\/page"}],"author":[{"embeddable":true,"href":"https:\/\/nomasmultas.org\/dvuelta\/wp-json\/wp\/v2\/users\/1"}],"replies":[{"embeddable":true,"href":"https:\/\/nomasmultas.org\/dvuelta\/wp-json\/wp\/v2\/comments?post=1600"}],"version-history":[{"count":22,"href":"https:\/\/nomasmultas.org\/dvuelta\/wp-json\/wp\/v2\/pages\/1600\/revisions"}],"predecessor-version":[{"id":2026,"href":"https:\/\/nomasmultas.org\/dvuelta\/wp-json\/wp\/v2\/pages\/1600\/revisions\/2026"}],"wp:attachment":[{"href":"https:\/\/nomasmultas.org\/dvuelta\/wp-json\/wp\/v2\/media?parent=1600"}],"curies":[{"name":"wp","href":"https:\/\/api.w.org\/{rel}","templated":true}]}}