{"id":1629,"date":"2021-05-06T09:51:32","date_gmt":"2021-05-06T09:51:32","guid":{"rendered":"https:\/\/nomasmultas.org\/dvuelta\/?page_id=1629"},"modified":"2022-04-19T08:43:41","modified_gmt":"2022-04-19T08:43:41","slug":"politica-de-cookies","status":"publish","type":"page","link":"https:\/\/nomasmultas.org\/dvuelta\/politica-de-cookies\/","title":{"rendered":"Pol\u00edtica de cookies"},"content":{"rendered":"\t\t<div data-elementor-type=\"wp-page\" data-elementor-id=\"1629\" class=\"elementor elementor-1629\">\n\t\t\t\t\t\t\t\t\t<section class=\"elementor-section elementor-top-section elementor-element elementor-element-60e4a6b7 elementor-section-boxed elementor-section-height-default elementor-section-height-default\" data-id=\"60e4a6b7\" data-element_type=\"section\">\n\t\t\t\t\t\t<div class=\"elementor-container elementor-column-gap-default\">\n\t\t\t\t\t<div class=\"elementor-column elementor-col-100 elementor-top-column elementor-element elementor-element-53606f40\" data-id=\"53606f40\" data-element_type=\"column\">\n\t\t\t<div class=\"elementor-widget-wrap elementor-element-populated\">\n\t\t\t\t\t\t\t\t<div class=\"elementor-element elementor-element-356c6f12 elementor-widget elementor-widget-spacer\" data-id=\"356c6f12\" data-element_type=\"widget\" data-widget_type=\"spacer.default\">\n\t\t\t\t<div class=\"elementor-widget-container\">\n\t\t\t\t\t<div class=\"elementor-spacer\">\n\t\t\t<div class=\"elementor-spacer-inner\"><\/div>\n\t\t<\/div>\n\t\t\t\t<\/div>\n\t\t\t\t<\/div>\n\t\t\t\t\t<\/div>\n\t\t<\/div>\n\t\t\t\t\t\t\t<\/div>\n\t\t<\/section>\n\t\t\t\t<section class=\"elementor-section elementor-top-section elementor-element elementor-element-2d053349 elementor-section-boxed elementor-section-height-default elementor-section-height-default\" data-id=\"2d053349\" data-element_type=\"section\">\n\t\t\t\t\t\t<div class=\"elementor-container elementor-column-gap-default\">\n\t\t\t\t\t<div class=\"elementor-column elementor-col-100 elementor-top-column elementor-element elementor-element-549e9f14\" data-id=\"549e9f14\" data-element_type=\"column\">\n\t\t\t<div class=\"elementor-widget-wrap elementor-element-populated\">\n\t\t\t\t\t\t\t\t<div class=\"elementor-element elementor-element-12fc2856 elementor-widget elementor-widget-heading\" data-id=\"12fc2856\" data-element_type=\"widget\" data-widget_type=\"heading.default\">\n\t\t\t\t<div class=\"elementor-widget-container\">\n\t\t\t<h2 class=\"elementor-heading-title elementor-size-default\">POL\u00cdTICA DE COOKIES<\/h2>\t\t<\/div>\n\t\t\t\t<\/div>\n\t\t\t\t<div class=\"elementor-element elementor-element-48b6957f elementor-widget elementor-widget-text-editor\" data-id=\"48b6957f\" data-element_type=\"widget\" data-widget_type=\"text-editor.default\">\n\t\t\t\t<div class=\"elementor-widget-container\">\n\t\t\t\t\t\t\t<div id=\"post-9610\" class=\"post-9610 page type-page status-publish has-post-thumbnail hentry\"><section class=\"page-content nz-clearfix\"><div class=\"nz-section horizontal autoheight-false animate-false full-width-false \" data-animation-speed=\"35000\" data-parallax=\"false\"><div class=\"container\"><div class=\"nz-row\"><div class=\"col vc_col-sm-12 col12 element-animate-false valign-top\" data-effect=\"none\" data-align=\"left\"><div class=\"col-inner\"><div class=\"nz-column-text nz-clearfix element-animate-false\" data-effect=\"none\" data-effect-speed=\"50\"><div id=\"post-9314\" class=\"post-9314 page type-page status-publish has-post-thumbnail hentry\"><section class=\"page-content nz-clearfix\"><div class=\"nz-section horizontal autoheight-false animate-false full-width-false \" data-animation-speed=\"35000\" data-parallax=\"false\"><div class=\"container\"><div class=\"nz-row\"><div class=\"col vc_col-sm-12 col12 element-animate-false valign-top\" data-effect=\"none\" data-align=\"left\"><div class=\"col-inner\"><div class=\"nz-column-text nz-clearfix element-animate-false\" data-effect=\"none\" data-effect-speed=\"50\"><p><strong>\u00bfQu\u00e9 es una Cookie?<\/strong><\/p><p>Una Cookie es un peque\u00f1o archivo de informaci\u00f3n que se almacena en el disco duro del ordenador del visitante de una web.<\/p><p><strong>\u00bfPara qu\u00e9 sirven las cookies?<\/strong><\/p><p>Utilizamos las cookies para conocer el comportamiento de nuestros visitantes dentro de nuestra web, qu\u00e9 les interesa m\u00e1s, en qu\u00e9 apartados est\u00e1n m\u00e1s o menos tiempo, a que web de nuestro sitio llegan cuando acceden, desde que web se van, etc.<\/p><p>De este modo nosotros utilizamos la informaci\u00f3n de las cookies para mejorar la \u201cexperiencia\u201d de los visitantes a nuestras webs, mejorando lo que no es \u00fatil o no gusta y manteniendo lo que s\u00ed lo es.<\/p><p>Las cookies no son instaladas en el equipo del usuario, salvo que manifieste su voluntad de navegar en el sitio web a trav\u00e9s de alguna de las siguientes opciones que se describen:<\/p><p>\u00b7 Desplazarse verticalmente por la web (scroll down)<\/p><p>\u00b7 Hacer clic en cualquier punto o enlace de la web.<\/p><p>\u00b7 Permanecer en el sitio web durante un tiempo superior a 10 segundos.<\/p><p><strong>\u00bfQu\u00e9 tipo de cookies hay?<\/strong><\/p><p>Cookies de sesi\u00f3n: son cookies temporales que no se almacenan en el dispositivo del usuario, sino que desaparecen cuando finaliza la sesi\u00f3n. La informaci\u00f3n obtenida por medio de estas cookies, sirven para analizar pautas de tr\u00e1fico en la web y proporcionarle los servicios que ofrecemos a trav\u00e9s de la misma, tales como la cuenta de correo gratuita.<\/p><p>Cookies permanentes: son cookies que se almacenan en el dispositivo del usuario y que permiten recuperar la informaci\u00f3n de la navegaci\u00f3n en la siguiente visita. Tienen fecha de caducidad, pero esta se dilata m\u00e1s all\u00e1 de la finalizaci\u00f3n de la sesi\u00f3n. Estas cookies permiten personalizar sus visitas, a trav\u00e9s de sus preferencias (por ejemplo, pa\u00eds e idioma).<\/p><p><strong>\u00bfPuedo evitar el uso de cookies en mi visita?<\/strong><\/p><p>La mayor\u00eda de navegadores de Internet ofrecen dos posibilidades de evitar el uso de cookies.<\/p><p>Permanente: Al instalar o actualizar o en las herramientas\/opciones el explorador de internet se ofrece la posibilidad de no aceptar la instalaci\u00f3n de cookies o de recibir un aviso cuando se vaya a instalar una Cookie. Esta configuraci\u00f3n se mantiene hasta que usted decida modificarla.<\/p><p>Puntual: La mayor\u00eda de navegadores de internet ofrecen la posibilidad de una \u201cnavegaci\u00f3n privada\u201d de forma que independientemente de la configuraci\u00f3n gen\u00e9rica que tenga en su navegador puede, para una sesi\u00f3n determinada, solicitar que las cookies se borren autom\u00e1ticamente al terminar la sesi\u00f3n.<\/p><p>Para m\u00e1s informaci\u00f3n sobre Internet Explorer,<a href=\"http:\/\/windows.microsoft.com\/es-es\/internet-explorer\/delete-manage-cookies#ie=ie-11\">\u00a0pulse aqu\u00ed.<\/a><\/p><p>Para m\u00e1s informaci\u00f3n sobre Firefox,<a href=\"https:\/\/support.mozilla.org\/es\/kb\/habilitar-y-deshabilitar-cookies-que-los-sitios-we\">\u00a0pulse aqu\u00ed.<\/a><\/p><p>Para m\u00e1s informaci\u00f3n sobre Google Chrome<a href=\"https:\/\/support.google.com\/chrome\/answer\/95647?hl=es\">, pulse aqu\u00ed<\/a><\/p><p>Para m\u00e1s informaci\u00f3n sobre Opera,<a href=\"http:\/\/help.opera.com\/Windows\/11.50\/es-ES\/cookies.html\">\u00a0pulse aqu\u00ed.<\/a><\/p><p>Para m\u00e1s informaci\u00f3n sobre Safari,<a href=\"https:\/\/support.apple.com\/kb\/ph5042?locale=es_ES\">\u00a0pulse aqu\u00ed.<\/a><\/p><p><strong>\u00bfEn concreto que tipo de cookies hay en esta web?<\/strong><\/p><p>Esta web incluye cookies propias y de terceros.<\/p><p>La web incluye cookies de navegaci\u00f3n, que recogen informaci\u00f3n sobre el uso que las visitas hacen de la web, incluyendo, por ejemplo, las p\u00e1ginas vistas o los errores de carga. Dicha informaci\u00f3n es gen\u00e9rica y an\u00f3nima, y en ning\u00fan momento se incluyen datos personales ni se recoge informaci\u00f3n que identifique a los visitantes, siendo el objetivo \u00faltimo mejorar el funcionamiento de la web y ofrecer una mejor experiencia al usuario.<\/p><p>Las cookies de Google Analytics son gestionadas y propiedad de Google Inc. con sede en 1600 Amphitheatre Parkway, Mountain View, Santa Clara, California (EEUU) y se rigen por su pol\u00edtica de privacidad. Las cookies del servicio NET de Microsoft son propiedad de Microsoft\u2026.con sede en 15010 NE 36th Street Redmond, WA 98052 (EEUU), y se rigen por su pol\u00edtica de privacidad.<\/p><p><strong>NO contiene ning\u00fan dato personal del usuario.<\/strong><\/p><p>NO contiene ning\u00fan tipo de informaci\u00f3n que permita identificar al usuario. Al visitar nuestra p\u00e1gina web, acepta la instalaci\u00f3n de estas cookies en su dispositivo.<\/p><p>Al visitar nuestra p\u00e1gina web, acepta la instalaci\u00f3n de estas cookies en su dispositivo<\/p><\/div><\/div><\/div><\/div><\/div><\/div><\/section><\/div><\/div><\/div><\/div><\/div><\/div><\/div><\/section><\/div>\t\t\t\t\t\t<\/div>\n\t\t\t\t<\/div>\n\t\t\t\t\t<\/div>\n\t\t<\/div>\n\t\t\t\t\t\t\t<\/div>\n\t\t<\/section>\n\t\t\t\t\t\t\t<\/div>\n\t\t","protected":false},"excerpt":{"rendered":"<p>POL\u00cdTICA DE COOKIES \u00bfQu\u00e9 es una Cookie? Una Cookie es un peque\u00f1o archivo de informaci\u00f3n que se almacena en el disco duro del ordenador del visitante de una web. \u00bfPara qu\u00e9 sirven las cookies? Utilizamos las cookies para conocer el comportamiento de nuestros visitantes dentro de nuestra web, qu\u00e9 les interesa m\u00e1s, en qu\u00e9 apartados&#8230;<\/p>\n","protected":false},"author":1,"featured_media":0,"parent":0,"menu_order":0,"comment_status":"closed","ping_status":"closed","template":"","meta":{"_kad_post_transparent":"","_kad_post_title":"hide","_kad_post_layout":"fullwidth","_kad_post_sidebar_id":"","_kad_post_content_style":"unboxed","_kad_post_vertical_padding":"hide","_kad_post_feature":"hide","_kad_post_feature_position":"","_kad_post_header":false,"_kad_post_footer":false,"footnotes":""},"class_list":["post-1629","page","type-page","status-publish","hentry"],"yoast_head":"<!-- This site is optimized with the Yoast SEO plugin v18.6 - https:\/\/yoast.com\/wordpress\/plugins\/seo\/ -->\n<title>Pol\u00edtica de cookies - NO + MULTAS<\/title>\n<meta name=\"robots\" content=\"index, follow, max-snippet:-1, max-image-preview:large, max-video-preview:-1\" \/>\n<link rel=\"canonical\" href=\"https:\/\/nomasmultas.org\/dvuelta\/politica-de-cookies\/\" \/>\n<meta property=\"og:locale\" content=\"es_ES\" \/>\n<meta property=\"og:type\" content=\"article\" \/>\n<meta property=\"og:title\" content=\"Pol\u00edtica de cookies - NO + MULTAS\" \/>\n<meta property=\"og:description\" content=\"POL\u00cdTICA DE COOKIES \u00bfQu\u00e9 es una Cookie? Una Cookie es un peque\u00f1o archivo de informaci\u00f3n que se almacena en el disco duro del ordenador del visitante de una web. \u00bfPara qu\u00e9 sirven las cookies? Utilizamos las cookies para conocer el comportamiento de nuestros visitantes dentro de nuestra web, qu\u00e9 les interesa m\u00e1s, en qu\u00e9 apartados...\" \/>\n<meta property=\"og:url\" content=\"https:\/\/nomasmultas.org\/dvuelta\/politica-de-cookies\/\" \/>\n<meta property=\"og:site_name\" content=\"NO + MULTAS\" \/>\n<meta property=\"article:publisher\" content=\"https:\/\/www.facebook.com\/dvueltastopmultas\/\" \/>\n<meta property=\"article:modified_time\" content=\"2022-04-19T08:43:41+00:00\" \/>\n<meta name=\"twitter:card\" content=\"summary_large_image\" \/>\n<meta name=\"twitter:label1\" content=\"Tiempo de lectura\" \/>\n\t<meta name=\"twitter:data1\" content=\"3 minutos\" \/>\n<script type=\"application\/ld+json\" class=\"yoast-schema-graph\">{\"@context\":\"https:\/\/schema.org\",\"@graph\":[{\"@type\":\"Organization\",\"@id\":\"https:\/\/nomasmultas.org\/dvuelta\/#organization\",\"name\":\"Stop Multas - Dvuelta\",\"url\":\"https:\/\/nomasmultas.org\/dvuelta\/\",\"sameAs\":[\"https:\/\/www.facebook.com\/dvueltastopmultas\/\"],\"logo\":{\"@type\":\"ImageObject\",\"@id\":\"https:\/\/nomasmultas.org\/dvuelta\/#logo\",\"inLanguage\":\"es\",\"url\":\"https:\/\/nomasmultas.org\/dvuelta\/wp-content\/uploads\/2021\/04\/logo-horizontal-trasnparente-stop-multas250px.png\",\"contentUrl\":\"https:\/\/nomasmultas.org\/dvuelta\/wp-content\/uploads\/2021\/04\/logo-horizontal-trasnparente-stop-multas250px.png\",\"width\":250,\"height\":68,\"caption\":\"Stop Multas - Dvuelta\"},\"image\":{\"@id\":\"https:\/\/nomasmultas.org\/dvuelta\/#logo\"}},{\"@type\":\"WebSite\",\"@id\":\"https:\/\/nomasmultas.org\/dvuelta\/#website\",\"url\":\"https:\/\/nomasmultas.org\/dvuelta\/\",\"name\":\"STOP MULTAS\",\"description\":\"OLVIDA TUS MULTAS DE TR\u00c1FICO PARA SIEMPRE\",\"publisher\":{\"@id\":\"https:\/\/nomasmultas.org\/dvuelta\/#organization\"},\"potentialAction\":[{\"@type\":\"SearchAction\",\"target\":{\"@type\":\"EntryPoint\",\"urlTemplate\":\"https:\/\/nomasmultas.org\/dvuelta\/?s={search_term_string}\"},\"query-input\":\"required name=search_term_string\"}],\"inLanguage\":\"es\"},{\"@type\":\"WebPage\",\"@id\":\"https:\/\/nomasmultas.org\/dvuelta\/politica-de-cookies\/#webpage\",\"url\":\"https:\/\/nomasmultas.org\/dvuelta\/politica-de-cookies\/\",\"name\":\"Pol\u00edtica de cookies - NO + MULTAS\",\"isPartOf\":{\"@id\":\"https:\/\/nomasmultas.org\/dvuelta\/#website\"},\"datePublished\":\"2021-05-06T09:51:32+00:00\",\"dateModified\":\"2022-04-19T08:43:41+00:00\",\"breadcrumb\":{\"@id\":\"https:\/\/nomasmultas.org\/dvuelta\/politica-de-cookies\/#breadcrumb\"},\"inLanguage\":\"es\",\"potentialAction\":[{\"@type\":\"ReadAction\",\"target\":[\"https:\/\/nomasmultas.org\/dvuelta\/politica-de-cookies\/\"]}]},{\"@type\":\"BreadcrumbList\",\"@id\":\"https:\/\/nomasmultas.org\/dvuelta\/politica-de-cookies\/#breadcrumb\",\"itemListElement\":[{\"@type\":\"ListItem\",\"position\":1,\"name\":\"Portada\",\"item\":\"https:\/\/nomasmultas.org\/dvuelta\/\"},{\"@type\":\"ListItem\",\"position\":2,\"name\":\"Pol\u00edtica de cookies\"}]}]}<\/script>\n<!-- \/ Yoast SEO plugin. -->","yoast_head_json":{"title":"Pol\u00edtica de cookies - NO + MULTAS","robots":{"index":"index","follow":"follow","max-snippet":"max-snippet:-1","max-image-preview":"max-image-preview:large","max-video-preview":"max-video-preview:-1"},"canonical":"https:\/\/nomasmultas.org\/dvuelta\/politica-de-cookies\/","og_locale":"es_ES","og_type":"article","og_title":"Pol\u00edtica de cookies - NO + MULTAS","og_description":"POL\u00cdTICA DE COOKIES \u00bfQu\u00e9 es una Cookie? Una Cookie es un peque\u00f1o archivo de informaci\u00f3n que se almacena en el disco duro del ordenador del visitante de una web. \u00bfPara qu\u00e9 sirven las cookies? Utilizamos las cookies para conocer el comportamiento de nuestros visitantes dentro de nuestra web, qu\u00e9 les interesa m\u00e1s, en qu\u00e9 apartados...","og_url":"https:\/\/nomasmultas.org\/dvuelta\/politica-de-cookies\/","og_site_name":"NO + MULTAS","article_publisher":"https:\/\/www.facebook.com\/dvueltastopmultas\/","article_modified_time":"2022-04-19T08:43:41+00:00","twitter_card":"summary_large_image","twitter_misc":{"Tiempo de lectura":"3 minutos"},"schema":{"@context":"https:\/\/schema.org","@graph":[{"@type":"Organization","@id":"https:\/\/nomasmultas.org\/dvuelta\/#organization","name":"Stop Multas - Dvuelta","url":"https:\/\/nomasmultas.org\/dvuelta\/","sameAs":["https:\/\/www.facebook.com\/dvueltastopmultas\/"],"logo":{"@type":"ImageObject","@id":"https:\/\/nomasmultas.org\/dvuelta\/#logo","inLanguage":"es","url":"https:\/\/nomasmultas.org\/dvuelta\/wp-content\/uploads\/2021\/04\/logo-horizontal-trasnparente-stop-multas250px.png","contentUrl":"https:\/\/nomasmultas.org\/dvuelta\/wp-content\/uploads\/2021\/04\/logo-horizontal-trasnparente-stop-multas250px.png","width":250,"height":68,"caption":"Stop Multas - Dvuelta"},"image":{"@id":"https:\/\/nomasmultas.org\/dvuelta\/#logo"}},{"@type":"WebSite","@id":"https:\/\/nomasmultas.org\/dvuelta\/#website","url":"https:\/\/nomasmultas.org\/dvuelta\/","name":"STOP MULTAS","description":"OLVIDA TUS MULTAS DE TR\u00c1FICO PARA SIEMPRE","publisher":{"@id":"https:\/\/nomasmultas.org\/dvuelta\/#organization"},"potentialAction":[{"@type":"SearchAction","target":{"@type":"EntryPoint","urlTemplate":"https:\/\/nomasmultas.org\/dvuelta\/?s={search_term_string}"},"query-input":"required name=search_term_string"}],"inLanguage":"es"},{"@type":"WebPage","@id":"https:\/\/nomasmultas.org\/dvuelta\/politica-de-cookies\/#webpage","url":"https:\/\/nomasmultas.org\/dvuelta\/politica-de-cookies\/","name":"Pol\u00edtica de cookies - NO + MULTAS","isPartOf":{"@id":"https:\/\/nomasmultas.org\/dvuelta\/#website"},"datePublished":"2021-05-06T09:51:32+00:00","dateModified":"2022-04-19T08:43:41+00:00","breadcrumb":{"@id":"https:\/\/nomasmultas.org\/dvuelta\/politica-de-cookies\/#breadcrumb"},"inLanguage":"es","potentialAction":[{"@type":"ReadAction","target":["https:\/\/nomasmultas.org\/dvuelta\/politica-de-cookies\/"]}]},{"@type":"BreadcrumbList","@id":"https:\/\/nomasmultas.org\/dvuelta\/politica-de-cookies\/#breadcrumb","itemListElement":[{"@type":"ListItem","position":1,"name":"Portada","item":"https:\/\/nomasmultas.org\/dvuelta\/"},{"@type":"ListItem","position":2,"name":"Pol\u00edtica de cookies"}]}]}},"_links":{"self":[{"href":"https:\/\/nomasmultas.org\/dvuelta\/wp-json\/wp\/v2\/pages\/1629","targetHints":{"allow":["GET"]}}],"collection":[{"href":"https:\/\/nomasmultas.org\/dvuelta\/wp-json\/wp\/v2\/pages"}],"about":[{"href":"https:\/\/nomasmultas.org\/dvuelta\/wp-json\/wp\/v2\/types\/page"}],"author":[{"embeddable":true,"href":"https:\/\/nomasmultas.org\/dvuelta\/wp-json\/wp\/v2\/users\/1"}],"replies":[{"embeddable":true,"href":"https:\/\/nomasmultas.org\/dvuelta\/wp-json\/wp\/v2\/comments?post=1629"}],"version-history":[{"count":16,"href":"https:\/\/nomasmultas.org\/dvuelta\/wp-json\/wp\/v2\/pages\/1629\/revisions"}],"predecessor-version":[{"id":2022,"href":"https:\/\/nomasmultas.org\/dvuelta\/wp-json\/wp\/v2\/pages\/1629\/revisions\/2022"}],"wp:attachment":[{"href":"https:\/\/nomasmultas.org\/dvuelta\/wp-json\/wp\/v2\/media?parent=1629"}],"curies":[{"name":"wp","href":"https:\/\/api.w.org\/{rel}","templated":true}]}}