{"id":944,"date":"2021-02-19T15:12:24","date_gmt":"2021-02-19T15:12:24","guid":{"rendered":"https:\/\/nomasmultas.org\/dvuelta\/?page_id=944"},"modified":"2022-04-19T09:04:32","modified_gmt":"2022-04-19T09:04:32","slug":"quienes-somos","status":"publish","type":"page","link":"https:\/\/nomasmultas.org\/dvuelta\/","title":{"rendered":"Quienes somos"},"content":{"rendered":"\t\t<div data-elementor-type=\"wp-page\" data-elementor-id=\"944\" class=\"elementor elementor-944\">\n\t\t\t\t\t\t\t\t\t<section class=\"elementor-section elementor-top-section elementor-element elementor-element-49c214fc elementor-section-full_width elementor-section-height-full elementor-section-height-default elementor-section-items-middle\" data-id=\"49c214fc\" data-element_type=\"section\" data-settings=\"{&quot;shape_divider_bottom&quot;:&quot;opacity-tilt&quot;}\">\n\t\t\t\t\t\t\t<div class=\"elementor-background-overlay\"><\/div>\n\t\t\t\t\t\t<div class=\"elementor-shape elementor-shape-bottom\" data-negative=\"false\">\n\t\t\t<svg xmlns=\"http:\/\/www.w3.org\/2000\/svg\" viewBox=\"0 0 2600 131.1\" preserveAspectRatio=\"none\">\n\t<path class=\"elementor-shape-fill\" d=\"M0 0L2600 0 2600 69.1 0 0z\"\/>\n\t<path class=\"elementor-shape-fill\" style=\"opacity:0.5\" d=\"M0 0L2600 0 2600 69.1 0 69.1z\"\/>\n\t<path class=\"elementor-shape-fill\" style=\"opacity:0.25\" d=\"M2600 0L0 0 0 130.1 2600 69.1z\"\/>\n<\/svg>\t\t<\/div>\n\t\t\t\t\t<div class=\"elementor-container elementor-column-gap-default\">\n\t\t\t\t\t<div class=\"elementor-column elementor-col-100 elementor-top-column elementor-element elementor-element-727e3eb3\" data-id=\"727e3eb3\" data-element_type=\"column\">\n\t\t\t<div class=\"elementor-widget-wrap elementor-element-populated\">\n\t\t\t\t\t\t\t\t<div class=\"elementor-element elementor-element-1cb8edc elementor-widget elementor-widget-spacer\" data-id=\"1cb8edc\" data-element_type=\"widget\" data-widget_type=\"spacer.default\">\n\t\t\t\t<div class=\"elementor-widget-container\">\n\t\t\t\t\t<div class=\"elementor-spacer\">\n\t\t\t<div class=\"elementor-spacer-inner\"><\/div>\n\t\t<\/div>\n\t\t\t\t<\/div>\n\t\t\t\t<\/div>\n\t\t\t\t<section class=\"elementor-section elementor-inner-section elementor-element elementor-element-630f75c1 elementor-section-full_width elementor-section-height-default elementor-section-height-default\" data-id=\"630f75c1\" data-element_type=\"section\">\n\t\t\t\t\t\t<div class=\"elementor-container elementor-column-gap-default\">\n\t\t\t\t\t<div class=\"elementor-column elementor-col-100 elementor-inner-column elementor-element elementor-element-cea9666\" data-id=\"cea9666\" data-element_type=\"column\">\n\t\t\t<div class=\"elementor-widget-wrap elementor-element-populated\">\n\t\t\t\t\t\t\t\t<div class=\"elementor-element elementor-element-a29627a elementor-widget elementor-widget-text-editor\" data-id=\"a29627a\" data-element_type=\"widget\" data-widget_type=\"text-editor.default\">\n\t\t\t\t<div class=\"elementor-widget-container\">\n\t\t\t\t\t\t\t<p>M\u00c1S DE <span style=\"color: #7bd4c4;\"><strong>25 A\u00d1OS<\/strong> <\/span>DEFENDIENDO LOS <strong>DERECHOS<\/strong> DE LOS <strong>CONDUCTORES<\/strong><\/p>\t\t\t\t\t\t<\/div>\n\t\t\t\t<\/div>\n\t\t\t\t\t<\/div>\n\t\t<\/div>\n\t\t\t\t\t\t\t<\/div>\n\t\t<\/section>\n\t\t\t\t<section class=\"elementor-section elementor-inner-section elementor-element elementor-element-9b89fab elementor-section-full_width elementor-section-height-default elementor-section-height-default\" data-id=\"9b89fab\" data-element_type=\"section\">\n\t\t\t\t\t\t<div class=\"elementor-container elementor-column-gap-default\">\n\t\t\t\t\t<div class=\"elementor-column elementor-col-33 elementor-inner-column elementor-element elementor-element-d906d02\" data-id=\"d906d02\" data-element_type=\"column\">\n\t\t\t<div class=\"elementor-widget-wrap elementor-element-populated\">\n\t\t\t\t\t\t\t\t<div class=\"elementor-element elementor-element-9f4c3c6 eael-flipbox-content-align-center elementor-widget elementor-widget-eael-flip-box\" data-id=\"9f4c3c6\" data-element_type=\"widget\" data-widget_type=\"eael-flip-box.default\">\n\t\t\t\t<div class=\"elementor-widget-container\">\n\t\t\t\n        <div class=\"eael-elements-flip-box-container eael-animate-flip eael-animate-left eael-content\">\n\n            <div class=\"eael-elements-flip-box-flip-card\">\n                <div class=\"eael-elements-flip-box-front-container\">\n\n                    \n                        <div class=\"eael-elements-slider-display-table\">\n                            <div class=\"eael-elements-flip-box-vertical-align\">\n                                <div class=\"eael-elements-flip-box-padding\">\n                                    <div class=\"eael-elements-flip-box-icon-image\">\n                                                                            <\/div>\n                                    <h3 class=\"eael-elements-flip-box-heading\">L\u00cdDERES<\/h3>\n                                    <div class=\"eael-elements-flip-box-content\">\n                                        <p>Somos la empresa l\u00edder en la <strong>defensa de multas<\/strong>. Pioneros en\nel sector llevamos <strong>20 a\u00f1os<\/strong> defendiendo los derechos del conductor.<\/p>\n                                    <\/div>\n                                <\/div>\n                            <\/div>\n                        <\/div>\n                                    <\/div>\n\n                <div class=\"eael-elements-flip-box-rear-container\">\n\n                                            <div class=\"eael-elements-slider-display-table\">\n                            <div class=\"eael-elements-flip-box-vertical-align\">\n                                <div class=\"eael-elements-flip-box-padding\">\n                                                                            <div class=\"eael-elements-flip-box-icon-image\">\n                                                                                            <\/div>\n                                    \n                                    <h4 class=\"eael-elements-flip-box-heading\">DVUELTA CONDUCTOR<\/h4>\n                                    <div class=\"eael-elements-flip-box-content\">\n                                        <p><p>Somos una empresa perteneciente al <strong>Grupo Reacciona<\/strong> y est\u00e1 <strong>especializada <\/strong>en la<strong> defensa <\/strong>de<strong> multas de tr\u00e1fico<\/strong>, tanto para particulares, como para empresas.<\/p><\/p>\n                                    <\/div>\n\n                                                                    <\/div>\n                            <\/div>\n                        <\/div>\n                                    <\/div>\n            <\/div>\n        <\/div>\n\n\t\t<\/div>\n\t\t\t\t<\/div>\n\t\t\t\t\t<\/div>\n\t\t<\/div>\n\t\t\t\t<div class=\"elementor-column elementor-col-33 elementor-inner-column elementor-element elementor-element-efc0e63\" data-id=\"efc0e63\" data-element_type=\"column\">\n\t\t\t<div class=\"elementor-widget-wrap elementor-element-populated\">\n\t\t\t\t\t\t\t\t<div class=\"elementor-element elementor-element-7e2f11a eael-flipbox-content-align-center elementor-widget elementor-widget-eael-flip-box\" data-id=\"7e2f11a\" data-element_type=\"widget\" data-widget_type=\"eael-flip-box.default\">\n\t\t\t\t<div class=\"elementor-widget-container\">\n\t\t\t\n        <div class=\"eael-elements-flip-box-container eael-animate-flip eael-animate-left eael-content\">\n\n            <div class=\"eael-elements-flip-box-flip-card\">\n                <div class=\"eael-elements-flip-box-front-container\">\n\n                    \n                        <div class=\"eael-elements-slider-display-table\">\n                            <div class=\"eael-elements-flip-box-vertical-align\">\n                                <div class=\"eael-elements-flip-box-padding\">\n                                    <div class=\"eael-elements-flip-box-icon-image\">\n                                                                            <\/div>\n                                    <h3 class=\"eael-elements-flip-box-heading\">VOCACI\u00d3N DE SERVICIO<\/h3>\n                                    <div class=\"eael-elements-flip-box-content\">\n                                        <p><p>Trabajamos para defender los derechos de los conductores, m\u00e1s all\u00e1 del recurso de sus multas de tr\u00e1fico.<\/p><\/p>\n                                    <\/div>\n                                <\/div>\n                            <\/div>\n                        <\/div>\n                                    <\/div>\n\n                <div class=\"eael-elements-flip-box-rear-container\">\n\n                                            <div class=\"eael-elements-slider-display-table\">\n                            <div class=\"eael-elements-flip-box-vertical-align\">\n                                <div class=\"eael-elements-flip-box-padding\">\n                                                                            <div class=\"eael-elements-flip-box-icon-image\">\n                                                                                            <\/div>\n                                    \n                                    <h2 class=\"eael-elements-flip-box-heading\"><\/h2>\n                                    <div class=\"eael-elements-flip-box-content\">\n                                        <p>Durante todos estos a\u00f1os, tambi\u00e9n hemos ayudado a\nmiles de personas a gestionar sus asuntos jur\u00eddicos\ncotidianos: alquileres, comunidades de vecinos,\nreclamaciones de consumo, revisi\u00f3n de contratos\nlaborales, etc, a trav\u00e9s de Dvuelta Legal.<\/p>\n                                    <\/div>\n\n                                                                    <\/div>\n                            <\/div>\n                        <\/div>\n                                    <\/div>\n            <\/div>\n        <\/div>\n\n\t\t<\/div>\n\t\t\t\t<\/div>\n\t\t\t\t\t<\/div>\n\t\t<\/div>\n\t\t\t\t<div class=\"elementor-column elementor-col-33 elementor-inner-column elementor-element elementor-element-71f1045\" data-id=\"71f1045\" data-element_type=\"column\">\n\t\t\t<div class=\"elementor-widget-wrap elementor-element-populated\">\n\t\t\t\t\t\t\t\t<div class=\"elementor-element elementor-element-2628122 eael-flipbox-content-align-center elementor-widget elementor-widget-eael-flip-box\" data-id=\"2628122\" data-element_type=\"widget\" data-widget_type=\"eael-flip-box.default\">\n\t\t\t\t<div class=\"elementor-widget-container\">\n\t\t\t\n        <div class=\"eael-elements-flip-box-container eael-animate-flip eael-animate-left eael-content\">\n\n            <div class=\"eael-elements-flip-box-flip-card\">\n                <div class=\"eael-elements-flip-box-front-container\">\n\n                    \n                        <div class=\"eael-elements-slider-display-table\">\n                            <div class=\"eael-elements-flip-box-vertical-align\">\n                                <div class=\"eael-elements-flip-box-padding\">\n                                    <div class=\"eael-elements-flip-box-icon-image\">\n                                                                            <\/div>\n                                    <h3 class=\"eael-elements-flip-box-heading\">NO SOMOS UNA ASEGURADORA<\/h3>\n                                    <div class=\"eael-elements-flip-box-content\">\n                                        <p><p>Prestamos un <strong>servicio jur\u00eddico<\/strong> de <strong>calidad<\/strong> a nuestros clientes y defendemos sus <strong>derechos<\/strong> frente a la Administraci\u00f3n.<\/p><\/p>\n                                    <\/div>\n                                <\/div>\n                            <\/div>\n                        <\/div>\n                                    <\/div>\n\n                <div class=\"eael-elements-flip-box-rear-container\">\n\n                                            <div class=\"eael-elements-slider-display-table\">\n                            <div class=\"eael-elements-flip-box-vertical-align\">\n                                <div class=\"eael-elements-flip-box-padding\">\n                                                                            <div class=\"eael-elements-flip-box-icon-image\">\n                                                                                            <\/div>\n                                    \n                                    <h4 class=\"eael-elements-flip-box-heading\">20 A\u00d1OS DE ACTIVIDAD<\/h4>\n                                    <div class=\"eael-elements-flip-box-content\">\n                                        <p><p>Hemos ayudado a m\u00e1s de 360.000 clientes, gestionado m\u00e1s de 5 millones de expedientes jur\u00eddicos y presentado m\u00e1s de 15 millones de escritos.<\/p><\/p>\n                                    <\/div>\n\n                                                                    <\/div>\n                            <\/div>\n                        <\/div>\n                                    <\/div>\n            <\/div>\n        <\/div>\n\n\t\t<\/div>\n\t\t\t\t<\/div>\n\t\t\t\t\t<\/div>\n\t\t<\/div>\n\t\t\t\t\t\t\t<\/div>\n\t\t<\/section>\n\t\t\t\t<div class=\"elementor-element elementor-element-170dbc69 elementor-widget elementor-widget-spacer\" data-id=\"170dbc69\" data-element_type=\"widget\" data-widget_type=\"spacer.default\">\n\t\t\t\t<div class=\"elementor-widget-container\">\n\t\t\t\t\t<div class=\"elementor-spacer\">\n\t\t\t<div class=\"elementor-spacer-inner\"><\/div>\n\t\t<\/div>\n\t\t\t\t<\/div>\n\t\t\t\t<\/div>\n\t\t\t\t<section class=\"elementor-section elementor-inner-section elementor-element elementor-element-bfc07b1 elementor-section-boxed elementor-section-height-default elementor-section-height-default\" data-id=\"bfc07b1\" data-element_type=\"section\">\n\t\t\t\t\t\t\t<div class=\"elementor-background-overlay\"><\/div>\n\t\t\t\t\t\t\t<div class=\"elementor-container elementor-column-gap-default\">\n\t\t\t\t\t<div class=\"elementor-column elementor-col-100 elementor-inner-column elementor-element elementor-element-a0d6303\" data-id=\"a0d6303\" data-element_type=\"column\">\n\t\t\t<div class=\"elementor-widget-wrap elementor-element-populated\">\n\t\t\t\t\t\t\t\t<div class=\"elementor-element elementor-element-1d4e779 elementor-view-framed elementor-position-left elementor-vertical-align-middle elementor-shape-circle elementor-mobile-position-top elementor-widget elementor-widget-icon-box\" data-id=\"1d4e779\" data-element_type=\"widget\" data-widget_type=\"icon-box.default\">\n\t\t\t\t<div class=\"elementor-widget-container\">\n\t\t\t\t\t<div class=\"elementor-icon-box-wrapper\">\n\t\t\t\t\t\t<div class=\"elementor-icon-box-icon\">\n\t\t\t\t<a class=\"elementor-icon elementor-animation-\" href=\"tel:+34983359777\">\n\t\t\t\t<i aria-hidden=\"true\" class=\"fas fa-phone-alt\"><\/i>\t\t\t\t<\/a>\n\t\t\t<\/div>\n\t\t\t\t\t\t<div class=\"elementor-icon-box-content\">\n\t\t\t\t<h2 class=\"elementor-icon-box-title\">\n\t\t\t\t\t<a href=\"tel:+34983359777\" >\n\t\t\t\t\t\tSOLICITA M\u00c1S INFORMACI\u00d3N\t\t\t\t\t<\/a>\n\t\t\t\t<\/h2>\n\t\t\t\t\t\t\t\t\t<p class=\"elementor-icon-box-description\">\n\t\t\t\t\t\t983 359 777\t\t\t\t\t<\/p>\n\t\t\t\t\t\t\t<\/div>\n\t\t<\/div>\n\t\t\t\t<\/div>\n\t\t\t\t<\/div>\n\t\t\t\t\t<\/div>\n\t\t<\/div>\n\t\t\t\t\t\t\t<\/div>\n\t\t<\/section>\n\t\t\t\t\t<\/div>\n\t\t<\/div>\n\t\t\t\t\t\t\t<\/div>\n\t\t<\/section>\n\t\t\t\t\t\t\t<\/div>\n\t\t","protected":false},"excerpt":{"rendered":"<p>M\u00c1S DE 25 A\u00d1OS DEFENDIENDO LOS DERECHOS DE LOS CONDUCTORES L\u00cdDERES Somos la empresa l\u00edder en la defensa de multas. Pioneros en el sector llevamos 20 a\u00f1os defendiendo los derechos del conductor. DVUELTA CONDUCTOR Somos una empresa perteneciente al Grupo Reacciona y est\u00e1 especializada en la defensa de multas de tr\u00e1fico, tanto para particulares, como&#8230;<\/p>\n","protected":false},"author":1,"featured_media":0,"parent":0,"menu_order":0,"comment_status":"closed","ping_status":"closed","template":"","meta":{"_kad_post_transparent":"","_kad_post_title":"hide","_kad_post_layout":"fullwidth","_kad_post_sidebar_id":"","_kad_post_content_style":"unboxed","_kad_post_vertical_padding":"hide","_kad_post_feature":"hide","_kad_post_feature_position":"","_kad_post_header":false,"_kad_post_footer":false,"footnotes":""},"class_list":["post-944","page","type-page","status-publish","hentry"],"yoast_head":"<!-- This site is optimized with the Yoast SEO plugin v18.6 - https:\/\/yoast.com\/wordpress\/plugins\/seo\/ -->\n<title>Quienes somos - NO + MULTAS<\/title>\n<meta name=\"robots\" content=\"index, follow, max-snippet:-1, max-image-preview:large, max-video-preview:-1\" \/>\n<link rel=\"canonical\" href=\"https:\/\/nomasmultas.org\/dvuelta\/\" \/>\n<meta property=\"og:locale\" content=\"es_ES\" \/>\n<meta property=\"og:type\" content=\"article\" \/>\n<meta property=\"og:title\" content=\"Quienes somos - NO + MULTAS\" \/>\n<meta property=\"og:description\" content=\"M\u00c1S DE 25 A\u00d1OS DEFENDIENDO LOS DERECHOS DE LOS CONDUCTORES L\u00cdDERES Somos la empresa l\u00edder en la defensa de multas. Pioneros en el sector llevamos 20 a\u00f1os defendiendo los derechos del conductor. DVUELTA CONDUCTOR Somos una empresa perteneciente al Grupo Reacciona y est\u00e1 especializada en la defensa de multas de tr\u00e1fico, tanto para particulares, como...\" \/>\n<meta property=\"og:url\" content=\"https:\/\/nomasmultas.org\/dvuelta\/\" \/>\n<meta property=\"og:site_name\" content=\"NO + MULTAS\" \/>\n<meta property=\"article:publisher\" content=\"https:\/\/www.facebook.com\/dvueltastopmultas\/\" \/>\n<meta property=\"article:modified_time\" content=\"2022-04-19T09:04:32+00:00\" \/>\n<meta name=\"twitter:card\" content=\"summary_large_image\" \/>\n<meta name=\"twitter:label1\" content=\"Tiempo de lectura\" \/>\n\t<meta name=\"twitter:data1\" content=\"1 minuto\" \/>\n<script type=\"application\/ld+json\" class=\"yoast-schema-graph\">{\"@context\":\"https:\/\/schema.org\",\"@graph\":[{\"@type\":\"Organization\",\"@id\":\"https:\/\/nomasmultas.org\/dvuelta\/#organization\",\"name\":\"Stop Multas - Dvuelta\",\"url\":\"https:\/\/nomasmultas.org\/dvuelta\/\",\"sameAs\":[\"https:\/\/www.facebook.com\/dvueltastopmultas\/\"],\"logo\":{\"@type\":\"ImageObject\",\"@id\":\"https:\/\/nomasmultas.org\/dvuelta\/#logo\",\"inLanguage\":\"es\",\"url\":\"https:\/\/nomasmultas.org\/dvuelta\/wp-content\/uploads\/2021\/04\/logo-horizontal-trasnparente-stop-multas250px.png\",\"contentUrl\":\"https:\/\/nomasmultas.org\/dvuelta\/wp-content\/uploads\/2021\/04\/logo-horizontal-trasnparente-stop-multas250px.png\",\"width\":250,\"height\":68,\"caption\":\"Stop Multas - Dvuelta\"},\"image\":{\"@id\":\"https:\/\/nomasmultas.org\/dvuelta\/#logo\"}},{\"@type\":\"WebSite\",\"@id\":\"https:\/\/nomasmultas.org\/dvuelta\/#website\",\"url\":\"https:\/\/nomasmultas.org\/dvuelta\/\",\"name\":\"STOP MULTAS\",\"description\":\"OLVIDA TUS MULTAS DE TR\u00c1FICO PARA SIEMPRE\",\"publisher\":{\"@id\":\"https:\/\/nomasmultas.org\/dvuelta\/#organization\"},\"potentialAction\":[{\"@type\":\"SearchAction\",\"target\":{\"@type\":\"EntryPoint\",\"urlTemplate\":\"https:\/\/nomasmultas.org\/dvuelta\/?s={search_term_string}\"},\"query-input\":\"required name=search_term_string\"}],\"inLanguage\":\"es\"},{\"@type\":\"WebPage\",\"@id\":\"https:\/\/nomasmultas.org\/dvuelta\/#webpage\",\"url\":\"https:\/\/nomasmultas.org\/dvuelta\/\",\"name\":\"Quienes somos - NO + MULTAS\",\"isPartOf\":{\"@id\":\"https:\/\/nomasmultas.org\/dvuelta\/#website\"},\"datePublished\":\"2021-02-19T15:12:24+00:00\",\"dateModified\":\"2022-04-19T09:04:32+00:00\",\"breadcrumb\":{\"@id\":\"https:\/\/nomasmultas.org\/dvuelta\/#breadcrumb\"},\"inLanguage\":\"es\",\"potentialAction\":[{\"@type\":\"ReadAction\",\"target\":[\"https:\/\/nomasmultas.org\/dvuelta\/\"]}]},{\"@type\":\"BreadcrumbList\",\"@id\":\"https:\/\/nomasmultas.org\/dvuelta\/#breadcrumb\",\"itemListElement\":[{\"@type\":\"ListItem\",\"position\":1,\"name\":\"Portada\",\"item\":\"https:\/\/nomasmultas.org\/dvuelta\/\"},{\"@type\":\"ListItem\",\"position\":2,\"name\":\"Quienes somos\"}]}]}<\/script>\n<!-- \/ Yoast SEO plugin. -->","yoast_head_json":{"title":"Quienes somos - NO + MULTAS","robots":{"index":"index","follow":"follow","max-snippet":"max-snippet:-1","max-image-preview":"max-image-preview:large","max-video-preview":"max-video-preview:-1"},"canonical":"https:\/\/nomasmultas.org\/dvuelta\/","og_locale":"es_ES","og_type":"article","og_title":"Quienes somos - NO + MULTAS","og_description":"M\u00c1S DE 25 A\u00d1OS DEFENDIENDO LOS DERECHOS DE LOS CONDUCTORES L\u00cdDERES Somos la empresa l\u00edder en la defensa de multas. Pioneros en el sector llevamos 20 a\u00f1os defendiendo los derechos del conductor. DVUELTA CONDUCTOR Somos una empresa perteneciente al Grupo Reacciona y est\u00e1 especializada en la defensa de multas de tr\u00e1fico, tanto para particulares, como...","og_url":"https:\/\/nomasmultas.org\/dvuelta\/","og_site_name":"NO + MULTAS","article_publisher":"https:\/\/www.facebook.com\/dvueltastopmultas\/","article_modified_time":"2022-04-19T09:04:32+00:00","twitter_card":"summary_large_image","twitter_misc":{"Tiempo de lectura":"1 minuto"},"schema":{"@context":"https:\/\/schema.org","@graph":[{"@type":"Organization","@id":"https:\/\/nomasmultas.org\/dvuelta\/#organization","name":"Stop Multas - Dvuelta","url":"https:\/\/nomasmultas.org\/dvuelta\/","sameAs":["https:\/\/www.facebook.com\/dvueltastopmultas\/"],"logo":{"@type":"ImageObject","@id":"https:\/\/nomasmultas.org\/dvuelta\/#logo","inLanguage":"es","url":"https:\/\/nomasmultas.org\/dvuelta\/wp-content\/uploads\/2021\/04\/logo-horizontal-trasnparente-stop-multas250px.png","contentUrl":"https:\/\/nomasmultas.org\/dvuelta\/wp-content\/uploads\/2021\/04\/logo-horizontal-trasnparente-stop-multas250px.png","width":250,"height":68,"caption":"Stop Multas - Dvuelta"},"image":{"@id":"https:\/\/nomasmultas.org\/dvuelta\/#logo"}},{"@type":"WebSite","@id":"https:\/\/nomasmultas.org\/dvuelta\/#website","url":"https:\/\/nomasmultas.org\/dvuelta\/","name":"STOP MULTAS","description":"OLVIDA TUS MULTAS DE TR\u00c1FICO PARA SIEMPRE","publisher":{"@id":"https:\/\/nomasmultas.org\/dvuelta\/#organization"},"potentialAction":[{"@type":"SearchAction","target":{"@type":"EntryPoint","urlTemplate":"https:\/\/nomasmultas.org\/dvuelta\/?s={search_term_string}"},"query-input":"required name=search_term_string"}],"inLanguage":"es"},{"@type":"WebPage","@id":"https:\/\/nomasmultas.org\/dvuelta\/#webpage","url":"https:\/\/nomasmultas.org\/dvuelta\/","name":"Quienes somos - NO + MULTAS","isPartOf":{"@id":"https:\/\/nomasmultas.org\/dvuelta\/#website"},"datePublished":"2021-02-19T15:12:24+00:00","dateModified":"2022-04-19T09:04:32+00:00","breadcrumb":{"@id":"https:\/\/nomasmultas.org\/dvuelta\/#breadcrumb"},"inLanguage":"es","potentialAction":[{"@type":"ReadAction","target":["https:\/\/nomasmultas.org\/dvuelta\/"]}]},{"@type":"BreadcrumbList","@id":"https:\/\/nomasmultas.org\/dvuelta\/#breadcrumb","itemListElement":[{"@type":"ListItem","position":1,"name":"Portada","item":"https:\/\/nomasmultas.org\/dvuelta\/"},{"@type":"ListItem","position":2,"name":"Quienes somos"}]}]}},"_links":{"self":[{"href":"https:\/\/nomasmultas.org\/dvuelta\/wp-json\/wp\/v2\/pages\/944","targetHints":{"allow":["GET"]}}],"collection":[{"href":"https:\/\/nomasmultas.org\/dvuelta\/wp-json\/wp\/v2\/pages"}],"about":[{"href":"https:\/\/nomasmultas.org\/dvuelta\/wp-json\/wp\/v2\/types\/page"}],"author":[{"embeddable":true,"href":"https:\/\/nomasmultas.org\/dvuelta\/wp-json\/wp\/v2\/users\/1"}],"replies":[{"embeddable":true,"href":"https:\/\/nomasmultas.org\/dvuelta\/wp-json\/wp\/v2\/comments?post=944"}],"version-history":[{"count":202,"href":"https:\/\/nomasmultas.org\/dvuelta\/wp-json\/wp\/v2\/pages\/944\/revisions"}],"predecessor-version":[{"id":2074,"href":"https:\/\/nomasmultas.org\/dvuelta\/wp-json\/wp\/v2\/pages\/944\/revisions\/2074"}],"wp:attachment":[{"href":"https:\/\/nomasmultas.org\/dvuelta\/wp-json\/wp\/v2\/media?parent=944"}],"curies":[{"name":"wp","href":"https:\/\/api.w.org\/{rel}","templated":true}]}}